{"id":234624,"date":"2025-07-17T21:51:38","date_gmt":"2025-07-18T02:51:38","guid":{"rendered":"https:\/\/medicinaesteticabenavides.com\/vascular-treatments-in-bogota\/"},"modified":"2026-05-14T19:01:15","modified_gmt":"2026-05-15T00:01:15","slug":"vascular-treatments-in-bogota","status":"publish","type":"page","link":"https:\/\/medicinaesteticabenavides.com\/en\/vascular-treatments-in-bogota\/","title":{"rendered":"Vascular Treatments in Bogot\u00e1"},"content":{"rendered":"\n[et_pb_section fb_built=&#8221;1&#8243; _builder_version=&#8221;4.27.4&#8243; _module_preset=&#8221;default&#8221; use_background_color_gradient=&#8221;on&#8221; background_color_gradient_stops=&#8221;rgba(79,0,10,0.5) 0%|rgba(65,58,146,0.36) 100%&#8221; background_color_gradient_overlays_image=&#8221;on&#8221; background_image=&#8221;https:\/\/medicinaesteticabenavides.com\/wp-content\/uploads\/2025\/07\/Tratamientos_Vasculares_BAck1.jpg&#8221; background_enable_video_mp4=&#8221;off&#8221; custom_padding=&#8221;120px||56px|||&#8221; hover_enabled=&#8221;0&#8243; global_colors_info=&#8221;{}&#8221; sticky_enabled=&#8221;0&#8243;][et_pb_row _builder_version=&#8221;4.27.4&#8243; _module_preset=&#8221;default&#8221; global_colors_info=&#8221;{}&#8221;][et_pb_column type=&#8221;4_4&#8243; _builder_version=&#8221;4.27.4&#8243; _module_preset=&#8221;default&#8221; global_colors_info=&#8221;{}&#8221;][et_pb_text _builder_version=&#8221;4.27.4&#8243; _module_preset=&#8221;default&#8221; text_font=&#8221;Poppins||||||||&#8221; text_text_color=&#8221;#FFFFFF&#8221; text_orientation=&#8221;center&#8221; text_text_shadow_style=&#8221;preset1&#8243; global_colors_info=&#8221;{}&#8221;]<p>INCREDIBLE RESULTS<\/p>[\/et_pb_text][et_pb_text _builder_version=&#8221;4.27.4&#8243; _module_preset=&#8221;default&#8221; text_font=&#8221;Abhaya Libre|700|||||||&#8221; text_text_color=&#8221;#ffcded&#8221; text_font_size=&#8221;50px&#8221; text_line_height=&#8221;1.2em&#8221; header_font=&#8221;Abhaya Libre|700|||||||&#8221; header_text_color=&#8221;#ffcded&#8221; header_font_size=&#8221;50px&#8221; header_2_font=&#8221;Abhaya Libre|700|||||||&#8221; header_2_text_color=&#8221;#ffcded&#8221; header_2_font_size=&#8221;50px&#8221; text_orientation=&#8221;center&#8221; text_text_shadow_style=&#8221;preset1&#8243; global_colors_info=&#8221;{}&#8221;]<h1>Vascular Treatments in Bogot\u00e1<\/h1>[\/et_pb_text][et_pb_text _builder_version=&#8221;4.27.4&#8243; _module_preset=&#8221;default&#8221; text_font=&#8221;Poppins|300|||||||&#8221; text_text_color=&#8221;#FFFFFF&#8221; text_orientation=&#8221;center&#8221; text_text_shadow_style=&#8221;preset1&#8243; global_colors_info=&#8221;{}&#8221;]<p>STATE-OF-THE-ART TECHNOLOGY FOR VEINS AND CAPILLARIES<\/p>[\/et_pb_text][\/et_pb_column][\/et_pb_row][\/et_pb_section][et_pb_section fb_built=&#8221;1&#8243; module_id=&#8221;s2&#8243; _builder_version=&#8221;4.27.4&#8243; _module_preset=&#8221;default&#8221; background_color=&#8221;#ad2768&#8243; background_image=&#8221;https:\/\/medicinaesteticabenavides.com\/wp-content\/uploads\/2025\/07\/Back2_tratam04.jpg&#8221; background_position=&#8221;bottom_center&#8221; custom_padding=&#8221;24px|||||&#8221; global_colors_info=&#8221;{}&#8221;][et_pb_row _builder_version=&#8221;4.27.4&#8243; _module_preset=&#8221;default&#8221; global_colors_info=&#8221;{}&#8221;][et_pb_column type=&#8221;4_4&#8243; _builder_version=&#8221;4.27.4&#8243; _module_preset=&#8221;default&#8221; global_colors_info=&#8221;{}&#8221;][et_pb_text _builder_version=&#8221;4.27.4&#8243; _module_preset=&#8221;default&#8221; text_font=&#8221;Poppins||||||||&#8221; text_text_color=&#8221;#FFFFFF&#8221; text_orientation=&#8221;center&#8221; custom_margin=&#8221;60px||||false|false&#8221; global_colors_info=&#8221;{}&#8221;]<p>DISCOVER<\/p>[\/et_pb_text][et_pb_text _builder_version=&#8221;4.27.4&#8243; _module_preset=&#8221;default&#8221; text_font=&#8221;Abhaya Libre|700|||||||&#8221; text_text_color=&#8221;#f4bec7&#8243; text_font_size=&#8221;32px&#8221; text_line_height=&#8221;1.5em&#8221; text_orientation=&#8221;center&#8221; max_width=&#8221;600px&#8221; max_width_tablet=&#8221;600px&#8221; max_width_phone=&#8221;320px&#8221; max_width_last_edited=&#8221;on|phone&#8221; module_alignment=&#8221;center&#8221; custom_margin=&#8221;||||false|false&#8221; module_alignment_tablet=&#8221;center&#8221; module_alignment_phone=&#8221;center&#8221; module_alignment_last_edited=&#8221;on|phone&#8221; text_text_shadow_style=&#8221;preset1&#8243; global_colors_info=&#8221;{}&#8221;]<p><span data-metadata=\"&lt;!--(figmeta)eyJmaWxlS2V5IjoiNlVUdkx0N1VQWUpVZ216djcwODIwNSIsInBhc3RlSUQiOjIwNTI1MjM1NzgsImRhdGFUeXBlIjoic2NlbmUifQo=(\/figmeta)--&gt;\" style=\"font-style: normal; font-variant-caps: normal; font-weight: 400; letter-spacing: normal; orphans: auto; text-align: start; text-indent: 0px; text-transform: none; white-space: normal; widows: auto; word-spacing: 0px; -webkit-text-stroke-width: 0px; text-decoration: none; caret-color: #000000; color: #000000;\"><\/span><span>At Benavides Aesthetic Medicine, we address aesthetic vascular pathologies with minimally invasive protocols and cutting-edge technology. <\/span><\/p>[\/et_pb_text][et_pb_text _builder_version=&#8221;4.27.4&#8243; _module_preset=&#8221;default&#8221; text_font=&#8221;Poppins||||||||&#8221; text_text_color=&#8221;#FFFFFF&#8221; text_orientation=&#8221;center&#8221; max_width=&#8221;650px&#8221; max_width_tablet=&#8221;650px&#8221; max_width_phone=&#8221;320px&#8221; max_width_last_edited=&#8221;on|phone&#8221; module_alignment=&#8221;center&#8221; custom_margin=&#8221;||||false|false&#8221; global_colors_info=&#8221;{}&#8221;]<p>Beyond aesthetics, our vascular treatments in Bogot\u00e1 prioritize your overall vascular well-being: we reduce symptoms such as leg heaviness, burning, and swelling, preventing future complications. We use state-of-the-art sclerosing agents (such as polidocanol) and laser parameters tailored to your skin type to ensure maximum safety and comfort. <\/p>[\/et_pb_text][et_pb_image src=&#8221;https:\/\/medicinaesteticabenavides.com\/wp-content\/uploads\/2025\/07\/boton_vascular.png&#8221; title_text=&#8221;Asiento No. 002 Corregido \u2013 Cesi\u00f3n Parcial (1 de julio de 2024)&lt;br&gt;Enajenante: Jorge Hern\u00e1n Jaramillo Cardona. Cesi\u00f3n realizada:&lt;br&gt;A Nicolas Jaramillo Velasco: 22 acciones.&lt;br&gt;A Felipe Jaramillo Velasco: 20 acciones.&lt;br&gt;A Diego Jaramillo Velasco: 20 acciones.&lt;br&gt;Total cedido: 62 acciones.&lt;br&gt;Saldo de Jorge Jaramillo tras la cesi\u00f3n:&lt;br&gt;Ten\u00eda 450 (iniciales) &#8211; 62 (cedidas) = 388 acciones.&#8221; url=&#8221;https:\/\/api.whatsapp.com\/send\/?phone=573102534615&amp;text=Hola+Medicina+Est%C3%A9tica+Benavides.+%C2%BFPuedes+ayudarme+%3F&amp;type=phone_number&amp;app_absent=0&#8243; align=&#8221;center&#8221; _builder_version=&#8221;4.27.4&#8243; _module_preset=&#8221;default&#8221; transform_translate_linked=&#8221;off&#8221; max_width=&#8221;300px&#8221; custom_css_main_element=&#8221;cursor: pointer;&#8221; global_colors_info=&#8221;{}&#8221; transform_styles__hover_enabled=&#8221;on|hover&#8221; transform_scale__hover_enabled=&#8221;on|desktop&#8221; transform_translate__hover_enabled=&#8221;on|hover&#8221; transform_rotate__hover_enabled=&#8221;on|desktop&#8221; transform_skew__hover_enabled=&#8221;on|desktop&#8221; transform_origin__hover_enabled=&#8221;on|desktop&#8221; transform_translate__hover=&#8221;20px|0px&#8221;][\/et_pb_image][\/et_pb_column][\/et_pb_row][\/et_pb_section][et_pb_section fb_built=&#8221;1&#8243; _builder_version=&#8221;4.27.4&#8243; _module_preset=&#8221;default&#8221; custom_padding=&#8221;15px||25px|||&#8221; global_colors_info=&#8221;{}&#8221;][et_pb_row _builder_version=&#8221;4.27.4&#8243; _module_preset=&#8221;default&#8221; global_colors_info=&#8221;{}&#8221;][et_pb_column type=&#8221;4_4&#8243; _builder_version=&#8221;4.27.4&#8243; _module_preset=&#8221;default&#8221; global_colors_info=&#8221;{}&#8221;][et_pb_text _builder_version=&#8221;4.27.4&#8243; _module_preset=&#8221;default&#8221; text_font=&#8221;Abhaya Libre|800|||||||&#8221; text_text_color=&#8221;#CA226A&#8221; text_font_size=&#8221;30px&#8221; text_line_height=&#8221;1.3em&#8221; header_font=&#8221;Abhaya Libre|800|||||||&#8221; header_text_color=&#8221;#ca226a&#8221; header_font_size=&#8221;35px&#8221; header_2_font=&#8221;Abhaya Libre|800|||||||&#8221; header_2_text_color=&#8221;#ca226a&#8221; header_2_font_size=&#8221;35px&#8221; custom_margin=&#8221;6px|||||&#8221; global_colors_info=&#8221;{}&#8221;]<h2 style=\"text-align: center;\">All our vascular treatments in Bogot\u00e1<\/h2>[\/et_pb_text][et_pb_text _builder_version=&#8221;4.27.4&#8243; _module_preset=&#8221;default&#8221; text_font=&#8221;Poppins||||||||&#8221; text_text_color=&#8221;#413A92&#8243; text_orientation=&#8221;center&#8221; max_width=&#8221;700px&#8221; max_width_tablet=&#8221;700px&#8221; max_width_phone=&#8221;320px&#8221; max_width_last_edited=&#8221;on|phone&#8221; module_alignment=&#8221;center&#8221; global_colors_info=&#8221;{}&#8221;]<p>Led by specialist physicians, we combine clinical effectiveness with natural aesthetic results, always in a sterile environment and with post-treatment follow-up. Your vascular health, in expert hands. <\/p>[\/et_pb_text][\/et_pb_column][\/et_pb_row][\/et_pb_section][et_pb_section fb_built=&#8221;1&#8243; _builder_version=&#8221;4.27.4&#8243; _module_preset=&#8221;default&#8221; background_color=&#8221;#f9f9ff&#8221; custom_padding=&#8221;18px|||||&#8221; global_colors_info=&#8221;{}&#8221;][et_pb_row _builder_version=&#8221;4.27.4&#8243; _module_preset=&#8221;default&#8221; global_colors_info=&#8221;{}&#8221;][et_pb_column type=&#8221;4_4&#8243; _builder_version=&#8221;4.27.4&#8243; _module_preset=&#8221;default&#8221; global_colors_info=&#8221;{}&#8221;][et_pb_text _builder_version=&#8221;4.27.4&#8243; _module_preset=&#8221;default&#8221; text_font=&#8221;Abhaya Libre|800|||||||&#8221; text_text_color=&#8221;#413A92&#8243; text_font_size=&#8221;30px&#8221; header_3_font=&#8221;Abhaya Libre|800|||||||&#8221; header_3_text_color=&#8221;#413a92&#8243; header_3_font_size=&#8221;30px&#8221; text_orientation=&#8221;center&#8221; global_colors_info=&#8221;{}&#8221;]<h3>Our Featured Vascular Treatments in Bogot\u00e1<\/h3>[\/et_pb_text][\/et_pb_column][\/et_pb_row][et_pb_row column_structure=&#8221;1_2,1_2&#8243; _builder_version=&#8221;4.27.4&#8243; _module_preset=&#8221;default&#8221; global_colors_info=&#8221;{}&#8221;][et_pb_column type=&#8221;1_2&#8243; _builder_version=&#8221;4.27.4&#8243; _module_preset=&#8221;default&#8221; global_colors_info=&#8221;{}&#8221;][et_pb_text _builder_version=&#8221;4.27.4&#8243; _module_preset=&#8221;default&#8221; text_font=&#8221;Abhaya Libre|800|||||||&#8221; text_text_color=&#8221;#CA226A&#8221; text_font_size=&#8221;28px&#8221; text_line_height=&#8221;1.2em&#8221; header_4_font=&#8221;Abhaya Libre|800|||||||&#8221; header_4_text_color=&#8221;#ca226a&#8221; header_4_font_size=&#8221;28px&#8221; custom_padding=&#8221;||0px|||&#8221; global_colors_info=&#8221;{}&#8221;]<h4 class=\"elementor-heading-title elementor-size-default\">Medical Treatment for Large Veins or Varicose Veins in the Legs<\/h4>[\/et_pb_text][et_pb_text _builder_version=&#8221;4.27.4&#8243; _module_preset=&#8221;default&#8221; text_font=&#8221;Poppins||||||||&#8221; text_text_color=&#8221;#413A92&#8243; global_colors_info=&#8221;{}&#8221;]<p><span>Varicose veins or large blue veins can also be treated with sclerotherapy, but only if they are very thick or very painful&#8230;<\/span><\/p>[\/et_pb_text][et_pb_image src=&#8221;https:\/\/medicinaesteticabenavides.com\/wp-content\/uploads\/2025\/07\/btn_conocer_mas.png&#8221; title_text=&#8221;button_to_learn_more&#8221; url=&#8221;https:\/\/medicinaesteticabenavides.com\/tratamiento-de-telangiectasias-o-aranas-vasculares\/&#8221; _builder_version=&#8221;4.27.4&#8243; _module_preset=&#8221;default&#8221; transform_scale_linked=&#8221;off&#8221; transform_translate_linked=&#8221;off&#8221; max_width=&#8221;200px&#8221; custom_css_main_element=&#8221;cursor: pointer;&#8221; global_colors_info=&#8221;{}&#8221; transform_styles__hover_enabled=&#8221;on|hover&#8221; transform_scale__hover_enabled=&#8221;on|desktop&#8221; transform_translate__hover_enabled=&#8221;on|hover&#8221; transform_rotate__hover_enabled=&#8221;on|desktop&#8221; transform_skew__hover_enabled=&#8221;on|desktop&#8221; transform_origin__hover_enabled=&#8221;on|desktop&#8221; transform_translate__hover=&#8221;20px|0px&#8221;][\/et_pb_image][\/et_pb_column][et_pb_column type=&#8221;1_2&#8243; _builder_version=&#8221;4.27.4&#8243; _module_preset=&#8221;default&#8221; border_radii=&#8221;on|12px|12px|12px|12px&#8221; global_colors_info=&#8221;{}&#8221;][et_pb_image src=&#8221;https:\/\/medicinaesteticabenavides.com\/wp-content\/uploads\/2025\/08\/vascular-2.webp&#8221; title_text=&#8221;vascular treatments in Bogota&#8221; _builder_version=&#8221;4.27.4&#8243; _module_preset=&#8221;default&#8221; background_enable_image=&#8221;off&#8221; custom_padding=&#8221;0px||0px||true|false&#8221; hover_enabled=&#8221;0&#8243; global_colors_info=&#8221;{}&#8221; alt=&#8221;vascular treatments in Bogota&#8221; sticky_enabled=&#8221;0&#8243;][\/et_pb_image][\/et_pb_column][\/et_pb_row][et_pb_row column_structure=&#8221;1_2,1_2&#8243; _builder_version=&#8221;4.27.4&#8243; _module_preset=&#8221;default&#8221; global_colors_info=&#8221;{}&#8221;][et_pb_column type=&#8221;1_2&#8243; _builder_version=&#8221;4.27.4&#8243; _module_preset=&#8221;default&#8221; border_radii=&#8221;on|12px|12px|12px|12px&#8221; global_colors_info=&#8221;{}&#8221;][et_pb_image src=&#8221;https:\/\/medicinaesteticabenavides.com\/wp-content\/uploads\/2025\/07\/tratamiento_aranas_vasculares.jpg&#8221; title_text=&#8221;vascular treatments in Bogota&#8221; _builder_version=&#8221;4.27.4&#8243; _module_preset=&#8221;default&#8221; background_image=&#8221;https:\/\/medicinaesteticabenavides.com\/wp-content\/uploads\/2025\/07\/tratamiento_aranas_vasculares.jpg&#8221; custom_padding=&#8221;0px||0px||true|false&#8221; hover_enabled=&#8221;0&#8243; global_colors_info=&#8221;{}&#8221; alt=&#8221;vascular treatments in Bogota&#8221; sticky_enabled=&#8221;0&#8243;][\/et_pb_image][\/et_pb_column][et_pb_column type=&#8221;1_2&#8243; _builder_version=&#8221;4.27.4&#8243; _module_preset=&#8221;default&#8221; global_colors_info=&#8221;{}&#8221;][et_pb_text _builder_version=&#8221;4.27.4&#8243; _module_preset=&#8221;default&#8221; text_font=&#8221;Abhaya Libre|800|||||||&#8221; text_text_color=&#8221;#CA226A&#8221; text_font_size=&#8221;28px&#8221; text_line_height=&#8221;1.2em&#8221; header_4_font=&#8221;Abhaya Libre|800|||||||&#8221; header_4_text_color=&#8221;#ca226a&#8221; header_4_font_size=&#8221;28px&#8221; global_colors_info=&#8221;{}&#8221;]<h4>Treatment of Telangiectasias or Spider Veins<\/h4>[\/et_pb_text][et_pb_text _builder_version=&#8221;4.27.4&#8243; _module_preset=&#8221;default&#8221; text_font=&#8221;Poppins||||||||&#8221; text_text_color=&#8221;#413A92&#8243; global_colors_info=&#8221;{}&#8221;]<p><span>Nuestro tratamiento vascular en Bogot\u00e1, espec\u00edficamente para ara\u00f1as, utilizado desde los an\u0303os 30, se realiza con Escleroespuma que consiste en aplicar un esclerosante en espuma sellante para cerrar los vasitos de las piernas&#8230;<\/span><\/p>[\/et_pb_text][et_pb_image src=&#8221;https:\/\/medicinaesteticabenavides.com\/wp-content\/uploads\/2025\/07\/btn_conocer_mas.png&#8221; title_text=&#8221;button_to_learn_more&#8221; url=&#8221;https:\/\/medicinaesteticabenavides.com\/tratamiento-medico-venas-grandes-o-varices-de-piernas\/&#8221; _builder_version=&#8221;4.27.4&#8243; _module_preset=&#8221;default&#8221; transform_scale_linked=&#8221;off&#8221; transform_translate_linked=&#8221;off&#8221; max_width=&#8221;200px&#8221; custom_css_main_element=&#8221;cursor: pointer;&#8221; global_colors_info=&#8221;{}&#8221; transform_styles__hover_enabled=&#8221;on|hover&#8221; transform_scale__hover_enabled=&#8221;on|desktop&#8221; transform_translate__hover_enabled=&#8221;on|hover&#8221; transform_rotate__hover_enabled=&#8221;on|desktop&#8221; transform_skew__hover_enabled=&#8221;on|desktop&#8221; transform_origin__hover_enabled=&#8221;on|desktop&#8221; transform_translate__hover=&#8221;20px|0px&#8221;][\/et_pb_image][\/et_pb_column][\/et_pb_row][\/et_pb_section][et_pb_section fb_built=&#8221;1&#8243; _builder_version=&#8221;4.27.4&#8243; _module_preset=&#8221;default&#8221; background_image=&#8221;https:\/\/medicinaesteticabenavides.com\/wp-content\/uploads\/2025\/07\/back_contacto_vascular.jpg&#8221; parallax=&#8221;on&#8221; hover_enabled=&#8221;0&#8243; global_colors_info=&#8221;{}&#8221; sticky_enabled=&#8221;0&#8243;][et_pb_row column_structure=&#8221;1_2,1_2&#8243; _builder_version=&#8221;4.27.4&#8243; _module_preset=&#8221;default&#8221; global_colors_info=&#8221;{}&#8221;][et_pb_column type=&#8221;1_2&#8243; _builder_version=&#8221;4.27.4&#8243; _module_preset=&#8221;default&#8221; global_colors_info=&#8221;{}&#8221;][\/et_pb_column][et_pb_column type=&#8221;1_2&#8243; _builder_version=&#8221;4.27.4&#8243; _module_preset=&#8221;default&#8221; global_colors_info=&#8221;{}&#8221;][et_pb_text _builder_version=&#8221;4.27.4&#8243; _module_preset=&#8221;default&#8221; text_font=&#8221;Abhaya Libre|700|||||||&#8221; text_text_color=&#8221;#FFFFFF&#8221; text_font_size=&#8221;22px&#8221; background_color=&#8221;#413A92&#8243; text_orientation=&#8221;center&#8221; custom_margin=&#8221;||0px||false|false&#8221; custom_padding=&#8221;20px||20px||true|false&#8221; border_radii=&#8221;off|15px|15px||&#8221; global_colors_info=&#8221;{}&#8221;]<p>Prices of thread lifts for buttocks<\/p>[\/et_pb_text][et_pb_code _builder_version=&#8221;4.27.4&#8243; _module_preset=&#8221;default&#8221; background_color=&#8221;#FFFFFF&#8221; global_colors_info=&#8221;{}&#8221;]\n\t\t\t\t\t\t<script>\n\t\t\t\t\t\t\twindow.hsFormsOnReady = window.hsFormsOnReady || [];\n\t\t\t\t\t\t\twindow.hsFormsOnReady.push(()=>{\n\t\t\t\t\t\t\t\thbspt.forms.create({\n\t\t\t\t\t\t\t\t\tportalId: 46114950,\n\t\t\t\t\t\t\t\t\tformId: \"d714c98a-3af2-409f-b5e8-ab7827ea4958\",\n\t\t\t\t\t\t\t\t\ttarget: \"#hbspt-form-1778849020000-5436272461\",\n\t\t\t\t\t\t\t\t\tregion: \"na1\",\n\t\t\t\t\t\t\t\t\t\n\t\t\t\t\t\t\t})});\n\t\t\t\t\t\t<\/script>\n\t\t\t\t\t\t<div class=\"hbspt-form\" id=\"hbspt-form-1778849020000-5436272461\"><\/div>[\/et_pb_code][\/et_pb_column][\/et_pb_row][\/et_pb_section]\n","protected":false},"excerpt":{"rendered":"<p>INCREDIBLE RESULTSVascular Treatments in Bogot\u00e1STATE-OF-THE-ART TECHNOLOGY FOR VEINS AND CAPILLARIESDISCOVERAt Benavides Aesthetic Medicine, we address aesthetic vascular pathologies with minimally invasive protocols and cutting-edge technology. Beyond aesthetics, our vascular treatments in Bogot\u00e1 prioritize your overall vascular well-being: we reduce symptoms such as leg heaviness, burning, and swelling, preventing future complications. We use state-of-the-art sclerosing agents (such as polidocanol) and laser parameters tailored to your skin type to ensure maximum safety and comfort. All our vascular treatments in Bogot\u00e1Led by specialist physicians, we combine clinical effectiveness with natural aesthetic results, always in a sterile environment and with post-treatment follow-up. Your vascular health, in expert hands. Our Featured Vascular Treatments in Bogot\u00e1Medical Treatment for Large Veins or Varicose Veins in the LegsVaricose veins or large blue veins can also be treated with sclerotherapy, but only if they are very thick or very painful&#8230;Treatment of Telangiectasias or Spider VeinsNuestro tratamiento vascular en Bogot\u00e1, espec\u00edficamente para ara\u00f1as, utilizado desde los an\u0303os 30, se realiza con Escleroespuma que consiste en aplicar un esclerosante en espuma sellante para cerrar los vasitos de las piernas&#8230;Prices of thread lifts for buttocks\n\t\t\t\t\t\t<script>\n\t\t\t\t\t\t\twindow.hsFormsOnReady = window.hsFormsOnReady || [];\n\t\t\t\t\t\t\twindow.hsFormsOnReady.push(()=>{\n\t\t\t\t\t\t\t\thbspt.forms.create({\n\t\t\t\t\t\t\t\t\tportalId: 46114950,\n\t\t\t\t\t\t\t\t\tformId: \"d714c98a-3af2-409f-b5e8-ab7827ea4958\",\n\t\t\t\t\t\t\t\t\ttarget: \"#hbspt-form-1778849020000-3387813159\",\n\t\t\t\t\t\t\t\t\tregion: \"na1\",\n\t\t\t\t\t\t\t\t\t\n\t\t\t\t\t\t\t})});\n\t\t\t\t\t\t<\/script>\n\t\t\t\t\t\t<div class=\"hbspt-form\" id=\"hbspt-form-1778849020000-3387813159\"><\/div><\/p>\n","protected":false},"author":1,"featured_media":0,"parent":0,"menu_order":0,"comment_status":"closed","ping_status":"closed","template":"","meta":{"_et_pb_use_builder":"on","_et_pb_old_content":"","_et_gb_content_width":"","content-type":"","footnotes":""},"class_list":["post-234624","page","type-page","status-publish","hentry"],"rttpg_featured_image_url":null,"rttpg_author":{"display_name":"admin","author_link":"https:\/\/medicinaesteticabenavides.com\/en\/author\/admin\/"},"rttpg_comment":0,"rttpg_category":false,"rttpg_excerpt":"INCREDIBLE RESULTSVascular Treatments in Bogot\u00e1STATE-OF-THE-ART TECHNOLOGY FOR VEINS AND CAPILLARIESDISCOVERAt Benavides Aesthetic Medicine, we address aesthetic vascular pathologies with minimally invasive protocols and cutting-edge technology. Beyond aesthetics, our vascular treatments in Bogot\u00e1 prioritize your overall vascular well-being: we reduce symptoms such as leg heaviness, burning, and swelling, preventing future complications. We use state-of-the-art sclerosing agents&hellip;","_links":{"self":[{"href":"https:\/\/medicinaesteticabenavides.com\/en\/wp-json\/wp\/v2\/pages\/234624","targetHints":{"allow":["GET"]}}],"collection":[{"href":"https:\/\/medicinaesteticabenavides.com\/en\/wp-json\/wp\/v2\/pages"}],"about":[{"href":"https:\/\/medicinaesteticabenavides.com\/en\/wp-json\/wp\/v2\/types\/page"}],"author":[{"embeddable":true,"href":"https:\/\/medicinaesteticabenavides.com\/en\/wp-json\/wp\/v2\/users\/1"}],"replies":[{"embeddable":true,"href":"https:\/\/medicinaesteticabenavides.com\/en\/wp-json\/wp\/v2\/comments?post=234624"}],"version-history":[{"count":1,"href":"https:\/\/medicinaesteticabenavides.com\/en\/wp-json\/wp\/v2\/pages\/234624\/revisions"}],"predecessor-version":[{"id":234625,"href":"https:\/\/medicinaesteticabenavides.com\/en\/wp-json\/wp\/v2\/pages\/234624\/revisions\/234625"}],"wp:attachment":[{"href":"https:\/\/medicinaesteticabenavides.com\/en\/wp-json\/wp\/v2\/media?parent=234624"}],"curies":[{"name":"wp","href":"https:\/\/api.w.org\/{rel}","templated":true}]}}